{"id":12,"date":"2019-02-21T12:30:38","date_gmt":"2019-02-21T11:30:38","guid":{"rendered":"https:\/\/webcodebuilder.com\/demo\/free\/elementor\/2186\/?page_id=12"},"modified":"2022-10-09T11:30:00","modified_gmt":"2022-10-09T10:30:00","slug":"courses","status":"publish","type":"page","link":"https:\/\/boundfoxstudios.com\/en\/courses\/","title":{"rendered":"Courses"},"content":{"rendered":"<div data-elementor-type=\"wp-post\" data-elementor-id=\"12\" class=\"elementor elementor-12\">\n\t\t\t\t\t\t\t\t\t<section class=\"elementor-section elementor-top-section elementor-element elementor-element-2eddb1f elementor-section-boxed elementor-section-height-default elementor-section-height-default\" data-id=\"2eddb1f\" data-element_type=\"section\" data-settings=\"{&quot;background_background&quot;:&quot;classic&quot;}\">\n\t\t\t\t\t\t<div class=\"elementor-container elementor-column-gap-no\">\n\t\t\t\t\t<div class=\"elementor-column elementor-col-100 elementor-top-column elementor-element elementor-element-2dda6c9\" data-id=\"2dda6c9\" data-element_type=\"column\">\n\t\t\t<div class=\"elementor-widget-wrap elementor-element-populated\">\n\t\t\t\t\t\t\t\t<div class=\"elementor-element elementor-element-a3ba212 elementor-widget elementor-widget-heading\" data-id=\"a3ba212\" data-element_type=\"widget\" data-widget_type=\"heading.default\">\n\t\t\t\t<div class=\"elementor-widget-container\">\n\t\t\t<style>\/*! elementor - v3.7.8 - 02-10-2022 *\/\n.elementor-heading-title{padding:0;margin:0;line-height:1}.elementor-widget-heading .elementor-heading-title[class*=elementor-size-]>a{color:inherit;font-size:inherit;line-height:inherit}.elementor-widget-heading .elementor-heading-title.elementor-size-small{font-size:15px}.elementor-widget-heading .elementor-heading-title.elementor-size-medium{font-size:19px}.elementor-widget-heading .elementor-heading-title.elementor-size-large{font-size:29px}.elementor-widget-heading .elementor-heading-title.elementor-size-xl{font-size:39px}.elementor-widget-heading .elementor-heading-title.elementor-size-xxl{font-size:59px}<\/style><h2 class=\"elementor-heading-title elementor-size-default\">Our Courses<\/h2>\t\t<\/div>\n\t\t\t\t<\/div>\n\t\t\t\t<div class=\"elementor-element elementor-element-cea5508 elementor-widget-divider--view-line elementor-widget elementor-widget-divider\" data-id=\"cea5508\" data-element_type=\"widget\" data-widget_type=\"divider.default\">\n\t\t\t\t<div class=\"elementor-widget-container\">\n\t\t\t<style>\/*! elementor - v3.7.8 - 02-10-2022 *\/\n.elementor-widget-divider{--divider-border-style:none;--divider-border-width:1px;--divider-color:#2c2c2c;--divider-icon-size:20px;--divider-element-spacing:10px;--divider-pattern-height:24px;--divider-pattern-size:20px;--divider-pattern-url:none;--divider-pattern-repeat:repeat-x}.elementor-widget-divider .elementor-divider{display:-webkit-box;display:-ms-flexbox;display:flex}.elementor-widget-divider .elementor-divider__text{font-size:15px;line-height:1;max-width:95%}.elementor-widget-divider .elementor-divider__element{margin:0 var(--divider-element-spacing);-ms-flex-negative:0;flex-shrink:0}.elementor-widget-divider .elementor-icon{font-size:var(--divider-icon-size)}.elementor-widget-divider .elementor-divider-separator{display:-webkit-box;display:-ms-flexbox;display:flex;margin:0;direction:ltr}.elementor-widget-divider--view-line_icon .elementor-divider-separator,.elementor-widget-divider--view-line_text .elementor-divider-separator{-webkit-box-align:center;-ms-flex-align:center;align-items:center}.elementor-widget-divider--view-line_icon .elementor-divider-separator:after,.elementor-widget-divider--view-line_icon .elementor-divider-separator:before,.elementor-widget-divider--view-line_text .elementor-divider-separator:after,.elementor-widget-divider--view-line_text .elementor-divider-separator:before{display:block;content:\"\";border-bottom:0;-webkit-box-flex:1;-ms-flex-positive:1;flex-grow:1;border-top:var(--divider-border-width) var(--divider-border-style) var(--divider-color)}.elementor-widget-divider--element-align-left .elementor-divider .elementor-divider-separator>.elementor-divider__svg:first-of-type{-webkit-box-flex:0;-ms-flex-positive:0;flex-grow:0;-ms-flex-negative:100;flex-shrink:100}.elementor-widget-divider--element-align-left .elementor-divider-separator:before{content:none}.elementor-widget-divider--element-align-left .elementor-divider__element{margin-left:0}.elementor-widget-divider--element-align-right .elementor-divider .elementor-divider-separator>.elementor-divider__svg:last-of-type{-webkit-box-flex:0;-ms-flex-positive:0;flex-grow:0;-ms-flex-negative:100;flex-shrink:100}.elementor-widget-divider--element-align-right .elementor-divider-separator:after{content:none}.elementor-widget-divider--element-align-right .elementor-divider__element{margin-right:0}.elementor-widget-divider:not(.elementor-widget-divider--view-line_text):not(.elementor-widget-divider--view-line_icon) .elementor-divider-separator{border-top:var(--divider-border-width) var(--divider-border-style) var(--divider-color)}.elementor-widget-divider--separator-type-pattern{--divider-border-style:none}.elementor-widget-divider--separator-type-pattern.elementor-widget-divider--view-line .elementor-divider-separator,.elementor-widget-divider--separator-type-pattern:not(.elementor-widget-divider--view-line) .elementor-divider-separator:after,.elementor-widget-divider--separator-type-pattern:not(.elementor-widget-divider--view-line) .elementor-divider-separator:before,.elementor-widget-divider--separator-type-pattern:not([class*=elementor-widget-divider--view]) .elementor-divider-separator{width:100%;min-height:var(--divider-pattern-height);-webkit-mask-size:var(--divider-pattern-size) 100%;mask-size:var(--divider-pattern-size) 100%;-webkit-mask-repeat:var(--divider-pattern-repeat);mask-repeat:var(--divider-pattern-repeat);background-color:var(--divider-color);-webkit-mask-image:var(--divider-pattern-url);mask-image:var(--divider-pattern-url)}.elementor-widget-divider--no-spacing{--divider-pattern-size:auto}.elementor-widget-divider--bg-round{--divider-pattern-repeat:round}.rtl .elementor-widget-divider .elementor-divider__text{direction:rtl}.e-container>.elementor-widget-divider{width:var(--container-widget-width,100%);--flex-grow:var(--container-widget-flex-grow,0)}<\/style>\t\t<div class=\"elementor-divider\">\n\t\t\t<span class=\"elementor-divider-separator\">\n\t\t\t\t\t\t<\/span>\n\t\t<\/div>\n\t\t\t\t<\/div>\n\t\t\t\t<\/div>\n\t\t\t\t<div class=\"elementor-element elementor-element-8fc2f2e elementor-widget elementor-widget-text-editor\" data-id=\"8fc2f2e\" data-element_type=\"widget\" data-widget_type=\"text-editor.default\">\n\t\t\t\t<div class=\"elementor-widget-container\">\n\t\t\t<style>\/*! elementor - v3.7.8 - 02-10-2022 *\/\n.elementor-widget-text-editor.elementor-drop-cap-view-stacked .elementor-drop-cap{background-color:#818a91;color:#fff}.elementor-widget-text-editor.elementor-drop-cap-view-framed .elementor-drop-cap{color:#818a91;border:3px solid;background-color:transparent}.elementor-widget-text-editor:not(.elementor-drop-cap-view-default) .elementor-drop-cap{margin-top:8px}.elementor-widget-text-editor:not(.elementor-drop-cap-view-default) .elementor-drop-cap-letter{width:1em;height:1em}.elementor-widget-text-editor .elementor-drop-cap{float:left;text-align:center;line-height:1;font-size:50px}.elementor-widget-text-editor .elementor-drop-cap-letter{display:inline-block}<\/style>\t\t\t\t<p>You want to develop games yourself, but don't know how?<br \/>Whether it's Blender or Unity, choose one of our free courses on YouTube and bring your ideas to life.<\/p>\t\t\t\t\t\t<\/div>\n\t\t\t\t<\/div>\n\t\t\t\t<section class=\"elementor-section elementor-inner-section elementor-element elementor-element-acc7d42 elementor-section-full_width elementor-section-height-default elementor-section-height-default\" data-id=\"acc7d42\" data-element_type=\"section\">\n\t\t\t\t\t\t<div class=\"elementor-container elementor-column-gap-no\">\n\t\t\t\t\t<div class=\"elementor-column elementor-col-50 elementor-inner-column elementor-element elementor-element-f846939\" data-id=\"f846939\" data-element_type=\"column\">\n\t\t\t<div class=\"elementor-widget-wrap elementor-element-populated\">\n\t\t\t\t\t\t\t\t<div class=\"elementor-element elementor-element-202b509 elementor-position-top elementor-vertical-align-top elementor-widget elementor-widget-image-box\" data-id=\"202b509\" data-element_type=\"widget\" data-widget_type=\"image-box.default\">\n\t\t\t\t<div class=\"elementor-widget-container\">\n\t\t\t<style>\/*! elementor - v3.7.8 - 02-10-2022 *\/\n.elementor-widget-image-box .elementor-image-box-content{width:100%}@media (min-width:768px){.elementor-widget-image-box.elementor-position-left .elementor-image-box-wrapper,.elementor-widget-image-box.elementor-position-right .elementor-image-box-wrapper{display:-webkit-box;display:-ms-flexbox;display:flex}.elementor-widget-image-box.elementor-position-right .elementor-image-box-wrapper{text-align:right;-webkit-box-orient:horizontal;-webkit-box-direction:reverse;-ms-flex-direction:row-reverse;flex-direction:row-reverse}.elementor-widget-image-box.elementor-position-left .elementor-image-box-wrapper{text-align:left;-webkit-box-orient:horizontal;-webkit-box-direction:normal;-ms-flex-direction:row;flex-direction:row}.elementor-widget-image-box.elementor-position-top .elementor-image-box-img{margin:auto}.elementor-widget-image-box.elementor-vertical-align-top .elementor-image-box-wrapper{-webkit-box-align:start;-ms-flex-align:start;align-items:flex-start}.elementor-widget-image-box.elementor-vertical-align-middle .elementor-image-box-wrapper{-webkit-box-align:center;-ms-flex-align:center;align-items:center}.elementor-widget-image-box.elementor-vertical-align-bottom .elementor-image-box-wrapper{-webkit-box-align:end;-ms-flex-align:end;align-items:flex-end}}@media (max-width:767px){.elementor-widget-image-box .elementor-image-box-img{margin-left:auto!important;margin-right:auto!important;margin-bottom:15px}}.elementor-widget-image-box .elementor-image-box-img{display:inline-block}.elementor-widget-image-box .elementor-image-box-title a{color:inherit}.elementor-widget-image-box .elementor-image-box-wrapper{text-align:center}.elementor-widget-image-box .elementor-image-box-description{margin:0}<\/style><div class=\"elementor-image-box-wrapper\"><figure class=\"elementor-image-box-img\"><a href=\"https:\/\/boundfoxstudios.com\/en\/2d-space-shooter-course\/\"><img width=\"1600\" height=\"1067\" src=\"https:\/\/boundfoxstudios.com\/wp-content\/uploads\/2021\/08\/UnityThumbnail.png\" class=\"elementor-animation-shrink attachment-full size-full\" alt=\"\" loading=\"lazy\" \/><\/a><\/figure><div class=\"elementor-image-box-content\"><h3 class=\"elementor-image-box-title\"><a href=\"https:\/\/boundfoxstudios.com\/en\/2d-space-shooter-course\/\">2D Space Shooter Course<\/a><\/h3><p class=\"elementor-image-box-description\">Why not program your own game? From the development to the release of your game, we will guide you in this free course and build together a 2D space shooter in Unity.<\/p><\/div><\/div>\t\t<\/div>\n\t\t\t\t<\/div>\n\t\t\t\t\t<\/div>\n\t\t<\/div>\n\t\t\t\t<div class=\"elementor-column elementor-col-50 elementor-inner-column elementor-element elementor-element-6694728\" data-id=\"6694728\" data-element_type=\"column\" data-settings=\"{&quot;background_background&quot;:&quot;classic&quot;}\">\n\t\t\t<div class=\"elementor-widget-wrap elementor-element-populated\">\n\t\t\t\t\t\t\t\t<div class=\"elementor-element elementor-element-6baf945 elementor-position-top elementor-vertical-align-top elementor-widget elementor-widget-image-box\" data-id=\"6baf945\" data-element_type=\"widget\" data-widget_type=\"image-box.default\">\n\t\t\t\t<div class=\"elementor-widget-container\">\n\t\t\t<div class=\"elementor-image-box-wrapper\"><figure class=\"elementor-image-box-img\"><a href=\"https:\/\/boundfoxstudios.com\/en\/blender-course\/\"><img width=\"1600\" height=\"1067\" src=\"https:\/\/boundfoxstudios.com\/wp-content\/uploads\/2021\/06\/ppgy7sjpf_0.jpg\" class=\"elementor-animation-shrink attachment-full size-full\" alt=\"white box on white table\" loading=\"lazy\" \/><\/a><\/figure><div class=\"elementor-image-box-content\"><h3 class=\"elementor-image-box-title\"><a href=\"https:\/\/boundfoxstudios.com\/en\/blender-course\/\">Blender Beginner Course<\/a><\/h3><p class=\"elementor-image-box-description\">In this course we will show you all the basics when it comes to modeling 3D models with the free tool Blender. After this course you will be able to create your own 3D models.<\/p><\/div><\/div>\t\t<\/div>\n\t\t\t\t<\/div>\n\t\t\t\t\t<\/div>\n\t\t<\/div>\n\t\t\t\t\t\t\t<\/div>\n\t\t<\/section>\n\t\t\t\t\t<\/div>\n\t\t<\/div>\n\t\t\t\t\t\t\t<\/div>\n\t\t<\/section>\n\t\t\t\t<section class=\"elementor-section elementor-top-section elementor-element elementor-element-1d54c1b elementor-section-boxed elementor-section-height-default elementor-section-height-default\" data-id=\"1d54c1b\" data-element_type=\"section\" data-settings=\"{&quot;background_background&quot;:&quot;classic&quot;}\">\n\t\t\t\t\t\t<div class=\"elementor-container elementor-column-gap-no\">\n\t\t\t\t\t<div class=\"elementor-column elementor-col-50 elementor-top-column elementor-element elementor-element-45299a6\" data-id=\"45299a6\" data-element_type=\"column\">\n\t\t\t<div class=\"elementor-widget-wrap elementor-element-populated\">\n\t\t\t\t\t\t\t\t<div class=\"elementor-element elementor-element-7d28304 elementor-widget elementor-widget-heading\" data-id=\"7d28304\" data-element_type=\"widget\" data-widget_type=\"heading.default\">\n\t\t\t\t<div class=\"elementor-widget-container\">\n\t\t\t<h2 class=\"elementor-heading-title elementor-size-default\">We have many more great videos on YouTube<\/h2>\t\t<\/div>\n\t\t\t\t<\/div>\n\t\t\t\t<div class=\"elementor-element elementor-element-0a52e06 elementor-widget elementor-widget-text-editor\" data-id=\"0a52e06\" data-element_type=\"widget\" data-widget_type=\"text-editor.default\">\n\t\t\t\t<div class=\"elementor-widget-container\">\n\t\t\t\t\t\t\t<p>Subscribe to our channel to never miss a video in the future!<\/p>\t\t\t\t\t\t<\/div>\n\t\t\t\t<\/div>\n\t\t\t\t\t<\/div>\n\t\t<\/div>\n\t\t\t\t<div class=\"elementor-column elementor-col-50 elementor-top-column elementor-element elementor-element-7476020\" data-id=\"7476020\" data-element_type=\"column\" data-settings=\"{&quot;background_background&quot;:&quot;classic&quot;}\">\n\t\t\t<div class=\"elementor-widget-wrap elementor-element-populated\">\n\t\t\t\t\t<div class=\"elementor-background-overlay\"><\/div>\n\t\t\t\t\t\t\t\t<div class=\"elementor-element elementor-element-b1a1399 elementor-widget elementor-widget-button\" data-id=\"b1a1399\" data-element_type=\"widget\" data-widget_type=\"button.default\">\n\t\t\t\t<div class=\"elementor-widget-container\">\n\t\t\t\t\t<div class=\"elementor-button-wrapper\">\n\t\t\t<a href=\"https:\/\/www.youtube.com\/Boundfox?sub_confirmation=1\" class=\"elementor-button-link elementor-button elementor-size-sm elementor-animation-grow\" role=\"button\">\n\t\t\t\t\t\t<span class=\"elementor-button-content-wrapper\">\n\t\t\t\t\t\t<span class=\"elementor-button-text\">Subscribe<\/span>\n\t\t<\/span>\n\t\t\t\t\t<\/a>\n\t\t<\/div>\n\t\t\t\t<\/div>\n\t\t\t\t<\/div>\n\t\t\t\t\t<\/div>\n\t\t<\/div>\n\t\t\t\t\t\t\t<\/div>\n\t\t<\/section>\n\t\t\t\t\t\t\t<\/div>","protected":false},"excerpt":{"rendered":"<p>Unsere Kurse Du m\u00f6chtest selber Spiele entwickeln, wei\u00dft aber nicht wie?Ob Blender oder Unity, entscheide dich f\u00fcr einen unserer kostenlosen Kurse auf YouTube und realisiere deine Ideen. 2D Space Shooter Kurs Programmiere doch einmal dein eigenes Spiel. Von der Entwicklung bis zur Ver\u00f6ffentlichung deines Spiels begleiten wir dich in diesem kostenlosen Kurs und bauen zusammen [&hellip;]<\/p>","protected":false},"author":1,"featured_media":0,"parent":0,"menu_order":0,"comment_status":"closed","ping_status":"closed","template":"elementor_header_footer","meta":[],"yoast_head":"<!-- This site is optimized with the Yoast SEO plugin v19.13 - https:\/\/yoast.com\/wordpress\/plugins\/seo\/ -->\n<title>Videokurse - Boundfox Studios<\/title>\n<meta name=\"description\" content=\"Du m\u00f6chtest selber Spiele entwickeln, wei\u00dft aber nicht wie? Ob Blender oder Unity, realisiere deine Ideen mit unseren kostenlosen Kursen.\" \/>\n<meta name=\"robots\" content=\"index, follow, max-snippet:-1, max-image-preview:large, max-video-preview:-1\" \/>\n<link rel=\"canonical\" href=\"https:\/\/boundfoxstudios.com\/en\/courses\/\" \/>\n<meta property=\"og:locale\" content=\"en_US\" \/>\n<meta property=\"og:type\" content=\"article\" \/>\n<meta property=\"og:title\" content=\"Videokurse - Boundfox Studios\" \/>\n<meta property=\"og:description\" content=\"Du m\u00f6chtest selber Spiele entwickeln, wei\u00dft aber nicht wie? Ob Blender oder Unity, realisiere deine Ideen mit unseren kostenlosen Kursen.\" \/>\n<meta property=\"og:url\" content=\"https:\/\/boundfoxstudios.com\/en\/courses\/\" \/>\n<meta property=\"og:site_name\" content=\"Boundfox Studios\" \/>\n<meta property=\"article:publisher\" content=\"https:\/\/facebook.com\/boundfoxstudios\" \/>\n<meta property=\"article:modified_time\" content=\"2022-10-09T10:30:00+00:00\" \/>\n<meta property=\"og:image\" content=\"https:\/\/boundfoxstudios.com\/wp-content\/uploads\/2021\/08\/UnityThumbnail.png\" \/>\n<meta name=\"twitter:card\" content=\"summary_large_image\" \/>\n<meta name=\"twitter:site\" content=\"@BoundfoxStudios\" \/>\n<meta name=\"twitter:label1\" content=\"Est. reading time\" \/>\n\t<meta name=\"twitter:data1\" content=\"2 minutes\" \/>\n<script type=\"application\/ld+json\" class=\"yoast-schema-graph\">{\"@context\":\"https:\/\/schema.org\",\"@graph\":[{\"@type\":\"WebPage\",\"@id\":\"https:\/\/boundfoxstudios.com\/courses\/\",\"url\":\"https:\/\/boundfoxstudios.com\/courses\/\",\"name\":\"Videokurse - Boundfox Studios\",\"isPartOf\":{\"@id\":\"https:\/\/boundfoxstudios.com\/#website\"},\"datePublished\":\"2019-02-21T11:30:38+00:00\",\"dateModified\":\"2022-10-09T10:30:00+00:00\",\"description\":\"Du m\u00f6chtest selber Spiele entwickeln, wei\u00dft aber nicht wie? Ob Blender oder Unity, realisiere deine Ideen mit unseren kostenlosen Kursen.\",\"breadcrumb\":{\"@id\":\"https:\/\/boundfoxstudios.com\/courses\/#breadcrumb\"},\"inLanguage\":\"en-US\",\"potentialAction\":[{\"@type\":\"ReadAction\",\"target\":[\"https:\/\/boundfoxstudios.com\/courses\/\"]}]},{\"@type\":\"BreadcrumbList\",\"@id\":\"https:\/\/boundfoxstudios.com\/courses\/#breadcrumb\",\"itemListElement\":[{\"@type\":\"ListItem\",\"position\":1,\"name\":\"Startseite\",\"item\":\"https:\/\/boundfoxstudios.com\/\"},{\"@type\":\"ListItem\",\"position\":2,\"name\":\"Videokurse\"}]},{\"@type\":\"WebSite\",\"@id\":\"https:\/\/boundfoxstudios.com\/#website\",\"url\":\"https:\/\/boundfoxstudios.com\/\",\"name\":\"Boundfox Studios\",\"description\":\"Unity, Blender &amp; Game Development\",\"publisher\":{\"@id\":\"https:\/\/boundfoxstudios.com\/#organization\"},\"potentialAction\":[{\"@type\":\"SearchAction\",\"target\":{\"@type\":\"EntryPoint\",\"urlTemplate\":\"https:\/\/boundfoxstudios.com\/?s={search_term_string}\"},\"query-input\":\"required name=search_term_string\"}],\"inLanguage\":\"en-US\"},{\"@type\":\"Organization\",\"@id\":\"https:\/\/boundfoxstudios.com\/#organization\",\"name\":\"Boundfox Studios\",\"url\":\"https:\/\/boundfoxstudios.com\/\",\"logo\":{\"@type\":\"ImageObject\",\"inLanguage\":\"en-US\",\"@id\":\"https:\/\/boundfoxstudios.com\/#\/schema\/logo\/image\/\",\"url\":\"https:\/\/boundfoxstudios.com\/wp-content\/uploads\/2021\/03\/Logo_New-e1616849192592.png\",\"contentUrl\":\"https:\/\/boundfoxstudios.com\/wp-content\/uploads\/2021\/03\/Logo_New-e1616849192592.png\",\"width\":64,\"height\":64,\"caption\":\"Boundfox Studios\"},\"image\":{\"@id\":\"https:\/\/boundfoxstudios.com\/#\/schema\/logo\/image\/\"},\"sameAs\":[\"https:\/\/instagram.com\/boundfoxstudios\",\"https:\/\/pinterest.com\/boundfoxstudios\/\",\"https:\/\/youtube.com\/c\/boundfox\",\"https:\/\/facebook.com\/boundfoxstudios\",\"https:\/\/twitter.com\/BoundfoxStudios\"]}]}<\/script>\n<!-- \/ Yoast SEO plugin. -->","yoast_head_json":{"title":"Videokurse - Boundfox Studios","description":"Du m\u00f6chtest selber Spiele entwickeln, wei\u00dft aber nicht wie? Ob Blender oder Unity, realisiere deine Ideen mit unseren kostenlosen Kursen.","robots":{"index":"index","follow":"follow","max-snippet":"max-snippet:-1","max-image-preview":"max-image-preview:large","max-video-preview":"max-video-preview:-1"},"canonical":"https:\/\/boundfoxstudios.com\/en\/courses\/","og_locale":"en_US","og_type":"article","og_title":"Videokurse - Boundfox Studios","og_description":"Du m\u00f6chtest selber Spiele entwickeln, wei\u00dft aber nicht wie? Ob Blender oder Unity, realisiere deine Ideen mit unseren kostenlosen Kursen.","og_url":"https:\/\/boundfoxstudios.com\/en\/courses\/","og_site_name":"Boundfox Studios","article_publisher":"https:\/\/facebook.com\/boundfoxstudios","article_modified_time":"2022-10-09T10:30:00+00:00","og_image":[{"url":"https:\/\/boundfoxstudios.com\/wp-content\/uploads\/2021\/08\/UnityThumbnail.png"}],"twitter_card":"summary_large_image","twitter_site":"@BoundfoxStudios","twitter_misc":{"Est. reading time":"2 minutes"},"schema":{"@context":"https:\/\/schema.org","@graph":[{"@type":"WebPage","@id":"https:\/\/boundfoxstudios.com\/courses\/","url":"https:\/\/boundfoxstudios.com\/courses\/","name":"Videokurse - Boundfox Studios","isPartOf":{"@id":"https:\/\/boundfoxstudios.com\/#website"},"datePublished":"2019-02-21T11:30:38+00:00","dateModified":"2022-10-09T10:30:00+00:00","description":"Du m\u00f6chtest selber Spiele entwickeln, wei\u00dft aber nicht wie? Ob Blender oder Unity, realisiere deine Ideen mit unseren kostenlosen Kursen.","breadcrumb":{"@id":"https:\/\/boundfoxstudios.com\/courses\/#breadcrumb"},"inLanguage":"en-US","potentialAction":[{"@type":"ReadAction","target":["https:\/\/boundfoxstudios.com\/courses\/"]}]},{"@type":"BreadcrumbList","@id":"https:\/\/boundfoxstudios.com\/courses\/#breadcrumb","itemListElement":[{"@type":"ListItem","position":1,"name":"Startseite","item":"https:\/\/boundfoxstudios.com\/"},{"@type":"ListItem","position":2,"name":"Videokurse"}]},{"@type":"WebSite","@id":"https:\/\/boundfoxstudios.com\/#website","url":"https:\/\/boundfoxstudios.com\/","name":"Boundfox Studios","description":"Unity, Blender &amp; Game Development","publisher":{"@id":"https:\/\/boundfoxstudios.com\/#organization"},"potentialAction":[{"@type":"SearchAction","target":{"@type":"EntryPoint","urlTemplate":"https:\/\/boundfoxstudios.com\/?s={search_term_string}"},"query-input":"required name=search_term_string"}],"inLanguage":"en-US"},{"@type":"Organization","@id":"https:\/\/boundfoxstudios.com\/#organization","name":"Boundfox Studios","url":"https:\/\/boundfoxstudios.com\/","logo":{"@type":"ImageObject","inLanguage":"en-US","@id":"https:\/\/boundfoxstudios.com\/#\/schema\/logo\/image\/","url":"https:\/\/boundfoxstudios.com\/wp-content\/uploads\/2021\/03\/Logo_New-e1616849192592.png","contentUrl":"https:\/\/boundfoxstudios.com\/wp-content\/uploads\/2021\/03\/Logo_New-e1616849192592.png","width":64,"height":64,"caption":"Boundfox Studios"},"image":{"@id":"https:\/\/boundfoxstudios.com\/#\/schema\/logo\/image\/"},"sameAs":["https:\/\/instagram.com\/boundfoxstudios","https:\/\/pinterest.com\/boundfoxstudios\/","https:\/\/youtube.com\/c\/boundfox","https:\/\/facebook.com\/boundfoxstudios","https:\/\/twitter.com\/BoundfoxStudios"]}]}},"_links":{"self":[{"href":"https:\/\/boundfoxstudios.com\/en\/wp-json\/wp\/v2\/pages\/12"}],"collection":[{"href":"https:\/\/boundfoxstudios.com\/en\/wp-json\/wp\/v2\/pages"}],"about":[{"href":"https:\/\/boundfoxstudios.com\/en\/wp-json\/wp\/v2\/types\/page"}],"author":[{"embeddable":true,"href":"https:\/\/boundfoxstudios.com\/en\/wp-json\/wp\/v2\/users\/1"}],"replies":[{"embeddable":true,"href":"https:\/\/boundfoxstudios.com\/en\/wp-json\/wp\/v2\/comments?post=12"}],"version-history":[{"count":3,"href":"https:\/\/boundfoxstudios.com\/en\/wp-json\/wp\/v2\/pages\/12\/revisions"}],"predecessor-version":[{"id":4907,"href":"https:\/\/boundfoxstudios.com\/en\/wp-json\/wp\/v2\/pages\/12\/revisions\/4907"}],"wp:attachment":[{"href":"https:\/\/boundfoxstudios.com\/en\/wp-json\/wp\/v2\/media?parent=12"}],"curies":[{"name":"wp","href":"https:\/\/api.w.org\/{rel}","templated":true}]}}